{"id":9417,"date":"2024-08-29T23:39:09","date_gmt":"2024-08-29T21:39:09","guid":{"rendered":"https:\/\/exso.lnet-server.de\/?page_id=9417"},"modified":"2025-01-10T12:13:17","modified_gmt":"2025-01-10T11:13:17","slug":"handgefertigt","status":"publish","type":"page","link":"https:\/\/www.exactsolutions.de\/de\/production\/handcrafted\/","title":{"rendered":"Handgefertigt"},"content":{"rendered":"<h1>\n\t\tHANDGEFERTIGT\n\t<\/h1>\n<h2>\n\t\tHANDGEFERTIGT in Deutschland\n\t<\/h2>\n\t<p>Von Anfang an war es unser Ziel, so viel wie m\u00f6glich in unseren eigenen Werken in Deutschland zu produzieren. Dieses Engagement f\u00fcr lokale Handwerkskunst gew\u00e4hrleistet h\u00f6chste Qualit\u00e4t und Liebe zum Detail bei jedem von uns hergestellten Produkt.<\/p>\n<h2>\n\t\tVON GRUND AUF HANDGEFERTIGT\n\t<\/h2>\n\t<p>Ob es um das Anbringen von Blindnieten, das Richten von Schwei\u00dfbaugruppen oder die Bedienung unserer Bohrmaschinen geht - jede Aufgabe wird von unseren qualifizierten Fachleuten sorgf\u00e4ltig ausgef\u00fchrt. Da wir die meisten Produktionsschritte im eigenen Haus durchf\u00fchren, k\u00f6nnen wir sicherstellen, dass jedes St\u00fcck unser Engagement f\u00fcr Pr\u00e4zision und Haltbarkeit widerspiegelt.<\/p>\n\t\t\t\t<img decoding=\"async\" src=\"https:\/\/www.exactsolutions.de\/wp-content\/uploads\/2023\/08\/EVO-Frames_P31H_detail_05_Produktbild_4zu3_1024x768.png\" alt=\"EVO-Frames_P31H_detail_05_Produktbild_4zu3_1024x768\" title=\"EVO-Frames_P31H_detail_05_Produktbild_4zu3_1024x768\" itemprop=\"image\"  \/>\n<h2>\n\t\tDER HANDGEFERTIGTE EVO-RAHMEN\n\t<\/h2>\n\t<p>Die Handarbeit ist ein wesentlicher Bestandteil der Herstellung des EVO FRAME. Dieser spezielle Prozess stellt sicher, dass jeder Rahmen die h\u00f6chsten Qualit\u00e4ts- und Pr\u00e4zisionsstandards erf\u00fcllt. Ohne die handwerklichen F\u00e4higkeiten und die Liebe zum Detail, die mit der Handarbeit verbunden sind, w\u00e4ren der einzigartige Charakter und die Leistung des EVO FRAME nicht m\u00f6glich.<\/p>\n\t\t\t<a href=\"https:\/\/www.exactsolutions.de\/de\/produkte\/evo-frame\/\" target=\"_self\">\n\t\t\t\t\t\t\tMEHR \u00dcBER DEN EVO-RAHMEN\n\t\t\t\t\t<\/a>\n<h2>\n\t\tHANDGEFERTIGT F\u00dcR UNSERE QUALIT\u00c4TSSICHERUNG\n\t<\/h2>\n\t<p>Die Handarbeit ist einer der wichtigsten Bestandteile unserer Qualit\u00e4tssicherung. Dieser sorgf\u00e4ltige Ansatz gew\u00e4hrleistet, dass jedes Produkt unseren strengen Standards entspricht. Ohne die Hingabe und das Fachwissen unserer Handwerker k\u00f6nnten wir die au\u00dfergew\u00f6hnliche Qualit\u00e4t und Zuverl\u00e4ssigkeit, die unsere Marke ausmachen, nicht garantieren.<\/p>\n\t\t\t<a href=\"https:\/\/www.exactsolutions.de\/de\/qualitatssicherung-2\/\" target=\"_self\">\n\t\t\t\t\t\t\tMEHR \u00dcBER UNSERE QUALIT\u00c4TSSICHERUNG\n\t\t\t\t\t<\/a>","protected":false},"excerpt":{"rendered":"<p>HANDCRAFTED HANDCRAFTED in Germany From the very beginning, our goal was\u00a0 to produce as much as possible at our own facilities in Germany. This dedication to local craftsmanship ensures the highest quality and attention to detail in every product we create. HANDCRAFTED FROM THE SCRATCH Whether it&#8217;s installing blind rivets, straightening welding assemblies, or operating [&hellip;]<\/p>\n","protected":false},"author":2,"featured_media":0,"parent":8640,"menu_order":0,"comment_status":"closed","ping_status":"closed","template":"","meta":{"_acf_changed":false,"_monsterinsights_skip_tracking":false,"_monsterinsights_sitenote_active":false,"_monsterinsights_sitenote_note":"","_monsterinsights_sitenote_category":0,"footnotes":""},"class_list":["post-9417","page","type-page","status-publish","hentry","wpbf-post"],"acf":[],"_links":{"self":[{"href":"https:\/\/www.exactsolutions.de\/de\/wp-json\/wp\/v2\/pages\/9417","targetHints":{"allow":["GET"]}}],"collection":[{"href":"https:\/\/www.exactsolutions.de\/de\/wp-json\/wp\/v2\/pages"}],"about":[{"href":"https:\/\/www.exactsolutions.de\/de\/wp-json\/wp\/v2\/types\/page"}],"author":[{"embeddable":true,"href":"https:\/\/www.exactsolutions.de\/de\/wp-json\/wp\/v2\/users\/2"}],"replies":[{"embeddable":true,"href":"https:\/\/www.exactsolutions.de\/de\/wp-json\/wp\/v2\/comments?post=9417"}],"version-history":[{"count":5,"href":"https:\/\/www.exactsolutions.de\/de\/wp-json\/wp\/v2\/pages\/9417\/revisions"}],"predecessor-version":[{"id":10155,"href":"https:\/\/www.exactsolutions.de\/de\/wp-json\/wp\/v2\/pages\/9417\/revisions\/10155"}],"up":[{"embeddable":true,"href":"https:\/\/www.exactsolutions.de\/de\/wp-json\/wp\/v2\/pages\/8640"}],"wp:attachment":[{"href":"https:\/\/www.exactsolutions.de\/de\/wp-json\/wp\/v2\/media?parent=9417"}],"curies":[{"name":"wp","href":"https:\/\/api.w.org\/{rel}","templated":true}]}}