{"id":8892,"date":"2024-07-16T08:56:03","date_gmt":"2024-07-16T06:56:03","guid":{"rendered":"https:\/\/exso.lnet-server.de\/?page_id=8892"},"modified":"2025-02-20T12:26:14","modified_gmt":"2025-02-20T11:26:14","slug":"elektronik","status":"publish","type":"page","link":"https:\/\/www.exactsolutions.de\/de\/production\/electronics\/","title":{"rendered":"Elektronik"},"content":{"rendered":"<h1>\n\t\tELEKTRONIK\n\t<\/h1>\n<h2>\n\t\tExakte L\u00f6sungen, exakte Elektronik\n\t<\/h2>\n\t<p>Entdecken Sie unsere Elektronikproduktion, in der wir uns auf PCBA, Programmierung, Pr\u00fcfung und Verdrahtung spezialisiert haben und sicherstellen, dass jedes Produkt den h\u00f6chsten Qualit\u00e4ts- und Pr\u00e4zisionsstandards entspricht.<\/p>\n\t\t\t<a href=\"https:\/\/www.exactsolutions.de\/de\/kontakt\/\" target=\"_self\">\n\t\t\t\t\t\t\tNEHMEN SIE KONTAKT MIT UNS AUF\n\t\t\t\t\t<\/a>\n<h3>\n\t\tPCBA\n\t<\/h3>\n<h2>\n\t\tLEITERPLATTENMONTAGE\n\t<\/h2>\n\t<p>Unter PCBA versteht man den Prozess der Montage und des L\u00f6tens elektronischer Komponenten auf einer Leiterplatte (PCB), um eine funktionale elektronische Baugruppe zu erstellen.<\/p>\n\t\t\t\t\t\t<h4>Entwurf der Leiterplatte<\/h4>\n\t\t\t<p>Das Design der Leiterplatte ist ein entscheidender Schritt, bei dem wir das Layout sorgf\u00e4ltig planen, um optimale Leistung und Zuverl\u00e4ssigkeit zu gew\u00e4hrleisten. Unsere Ingenieure verwenden fortschrittliche Software-Tools, um pr\u00e4zise Entw\u00fcrfe zu erstellen, die den spezifischen Anforderungen des Produkts entsprechen.<\/p>\n\t\t\t\t\t\t<h4>L\u00f6ten<\/h4>\n\t\t\t<p>Beim L\u00f6ten werden die elektronischen Bauteile sorgf\u00e4ltig auf der Leiterplatte befestigt, um sichere Verbindungen und optimale Funktionalit\u00e4t zu gew\u00e4hrleisten. Unser sorgf\u00e4ltiger Prozess garantiert hochwertige Ergebnisse f\u00fcr jede Baugruppe.<\/p>\n<h3>\n\t\tPROGRAMMIEREN\n\t<\/h3>\n<h2>\n\t\tLEISTUNGSSTARKE SOFTWARE F\u00dcR OPTIMALE ERGEBNISSE\n\t<\/h2>\n\t<p>Die Programmierung ist f\u00fcr einige unserer komplexeren Produkte unerl\u00e4sslich. Unser erfahrenes Team von Programmierern sorgt daf\u00fcr, dass die Softwarekomponenten nahtlos und effizient integriert werden, um die Leistung und Zuverl\u00e4ssigkeit unserer Produkte zu maximieren. Dies tr\u00e4gt zum langfristigen Erfolg der L\u00f6sungen bei.<\/p>\n<h2>\n\t\tELEKTRONIK F\u00dcR INTERAKTIVE L\u00d6SUNGEN\n\t<\/h2>\n\t<p>Elektronik ist bei der Produktion interaktiver L\u00f6sungen von entscheidender Bedeutung. Sie bildet das Herzst\u00fcck, das Funktionalit\u00e4t und nahtlose Benutzererfahrung gew\u00e4hrleistet. Ohne fortschrittliche elektronische Komponenten und pr\u00e4zise Fertigung w\u00e4ren die Interaktivit\u00e4t und Zuverl\u00e4ssigkeit moderner Ger\u00e4te nicht m\u00f6glich.<\/p>\n\t\t\t<a href=\"https:\/\/www.exactsolutions.de\/de\/kategorie\/interaktive-losungen-2\/\" target=\"_self\">\n\t\t\t\t\t\t\t\u00dcBER UNSERE INTERAKTIVEN L\u00d6SUNGEN\n\t\t\t\t\t<\/a>\n\t\t\t\t<img decoding=\"async\" src=\"https:\/\/www.exactsolutions.de\/wp-content\/uploads\/2024\/08\/fluxTOUCH_free.png\" alt=\"fluxTOUCH_free\" title=\"fluxTOUCH_free\" itemprop=\"image\"  \/>\n<h3>\n\t\tTESTING\n\t<\/h3>\n<h2>\n\t\tNur die fittesten Ger\u00e4te \u00fcberleben\n\t<\/h2>\n\t<p>Qualit\u00e4tssicherung hat f\u00fcr uns oberste Priorit\u00e4t. Durch umfassende Pr\u00fcfverfahren stellen wir sicher, dass jedes hergestellte Bauteil den h\u00f6chsten Standards entspricht. Ganz gleich, ob es sich um ein einzelnes Teil oder eine komplette elektronische L\u00f6sung handelt, umfassende Tests sind entscheidend.<\/p>\n\t\t\t<a href=\"https:\/\/www.exactsolutions.de\/de\/qualitatssicherung-2\/#european-market\" target=\"_self\">\n\t\t\t\t\t\t\tWarum wir die emc durchf\u00fchren\n\t\t\t\t\t<\/a>\n<h3>\n\t\tVERKABELUNG\n\t<\/h3>\n<h2>\n\t\tF\u00dcR ZUVERL\u00c4SSIGE VERBINDUNGEN\n\t<\/h2>\n\t<p>Unsere Produktion umfasst die Erstellung von Kabelb\u00e4umen und die Integration von Verkabelungsl\u00f6sungen, die auf die spezifischen Anforderungen des Produkts zugeschnitten sind. Dies gew\u00e4hrleistet, dass die Endprodukte nicht nur funktional, sondern auch robust und sicher sind.<\/p>","protected":false},"excerpt":{"rendered":"<p>ELECTRONICS EXACT Solutions, Exact Electronics Explore our Electronics production, where we specialize in PCBA, programming, testing, and wiring, ensuring every product meets the highest standards of quality and precision. GET IN TOUCH WITH US PCBA PRINTED CIRCUIT BOARD ASSEMBLY PCBA refers to the process of mounting and soldering electronic components onto a printed circuit board [&hellip;]<\/p>\n","protected":false},"author":2,"featured_media":0,"parent":8640,"menu_order":0,"comment_status":"closed","ping_status":"closed","template":"","meta":{"_acf_changed":false,"_monsterinsights_skip_tracking":false,"_monsterinsights_sitenote_active":false,"_monsterinsights_sitenote_note":"","_monsterinsights_sitenote_category":0,"footnotes":""},"class_list":["post-8892","page","type-page","status-publish","hentry","wpbf-post"],"acf":[],"_links":{"self":[{"href":"https:\/\/www.exactsolutions.de\/de\/wp-json\/wp\/v2\/pages\/8892","targetHints":{"allow":["GET"]}}],"collection":[{"href":"https:\/\/www.exactsolutions.de\/de\/wp-json\/wp\/v2\/pages"}],"about":[{"href":"https:\/\/www.exactsolutions.de\/de\/wp-json\/wp\/v2\/types\/page"}],"author":[{"embeddable":true,"href":"https:\/\/www.exactsolutions.de\/de\/wp-json\/wp\/v2\/users\/2"}],"replies":[{"embeddable":true,"href":"https:\/\/www.exactsolutions.de\/de\/wp-json\/wp\/v2\/comments?post=8892"}],"version-history":[{"count":9,"href":"https:\/\/www.exactsolutions.de\/de\/wp-json\/wp\/v2\/pages\/8892\/revisions"}],"predecessor-version":[{"id":10396,"href":"https:\/\/www.exactsolutions.de\/de\/wp-json\/wp\/v2\/pages\/8892\/revisions\/10396"}],"up":[{"embeddable":true,"href":"https:\/\/www.exactsolutions.de\/de\/wp-json\/wp\/v2\/pages\/8640"}],"wp:attachment":[{"href":"https:\/\/www.exactsolutions.de\/de\/wp-json\/wp\/v2\/media?parent=8892"}],"curies":[{"name":"wp","href":"https:\/\/api.w.org\/{rel}","templated":true}]}}