{"id":8640,"date":"2024-07-03T09:42:58","date_gmt":"2024-07-03T07:42:58","guid":{"rendered":"https:\/\/exso.lnet-server.de\/?page_id=8640"},"modified":"2025-07-08T11:51:22","modified_gmt":"2025-07-08T09:51:22","slug":"produktion","status":"publish","type":"page","link":"https:\/\/www.exactsolutions.de\/de\/production\/","title":{"rendered":"Produktion"},"content":{"rendered":"<h1>\n\t\tPRODUKTION\n\t<\/h1>\n<h2>\n\t\tPRODUKTION IN DEUTSCHLAND\n\t<\/h2>\n\t<p>Wenn es um Qualit\u00e4t, Zuverl\u00e4ssigkeit und Genauigkeit geht, ist einer unserer wichtigsten Vorteile, dass unsere gesamte Produktion in Deutschland stattfindet. Erfahren Sie mehr \u00fcber unsere Prozesse, von der Metallpulverbeschichtung \u00fcber die Komponentenmontage bis hin zur elektronischen Pr\u00fcfung.<\/p>\n\t\t\t\t\t\t\t\t<a href=\"https:\/\/www.exactsolutions.de\/de\/produktion\/montage\/\" target=\"_self\" itemprop=\"url\">\n\t\t\t\t\t\t\t\t\t<img loading=\"lazy\" decoding=\"async\" src=\"https:\/\/www.exactsolutions.de\/wp-content\/uploads\/2024\/07\/Assembling_Firaz_1920x1440.jpg\" alt=\"\" itemprop=\"image\" height=\"1440\" width=\"1920\" srcset=\"https:\/\/www.exactsolutions.de\/wp-content\/uploads\/2024\/07\/Assembling_Firaz_1920x1440.jpg 1920w, https:\/\/www.exactsolutions.de\/wp-content\/uploads\/2024\/07\/Assembling_Firaz_1920x1440-300x225.jpg 300w, https:\/\/www.exactsolutions.de\/wp-content\/uploads\/2024\/07\/Assembling_Firaz_1920x1440-1024x768.jpg 1024w, https:\/\/www.exactsolutions.de\/wp-content\/uploads\/2024\/07\/Assembling_Firaz_1920x1440-768x576.jpg 768w, https:\/\/www.exactsolutions.de\/wp-content\/uploads\/2024\/07\/Assembling_Firaz_1920x1440-1536x1152.jpg 1536w\" sizes=\"auto, (max-width: 1920px) 100vw, 1920px\" onerror=\"this.style.display='none'\"  \/>\n\t\t\t\t\t\t\t\t\t\t\t\t\t<\/a>\n\t<ul>\n\t\t\t<li>\n\t\t\t<h3>\n\t\t\t\t<a href=\"https:\/\/www.exactsolutions.de\/de\/produktion\/montage\/\" target=\"_self\"  data-hover=\"ASSEMBLING\" aria-label=\"MONTAGE\">MONTAGE<\/a>\n\t\t\t<\/h3>\n\t\t<\/li>\n\t\t\t\t<\/ul>\n\t\t\t\t\t\t\t\t<a href=\"https:\/\/www.exactsolutions.de\/de\/produktion\/elektronik\/\" target=\"_self\" itemprop=\"url\">\n\t\t\t\t\t\t\t\t\t<img loading=\"lazy\" decoding=\"async\" src=\"https:\/\/www.exactsolutions.de\/wp-content\/uploads\/2024\/07\/Robin_Loeten_gruenePlatine_1920x1440.jpg\" alt=\"\" itemprop=\"image\" height=\"1440\" width=\"1920\" srcset=\"https:\/\/www.exactsolutions.de\/wp-content\/uploads\/2024\/07\/Robin_Loeten_gruenePlatine_1920x1440.jpg 1920w, https:\/\/www.exactsolutions.de\/wp-content\/uploads\/2024\/07\/Robin_Loeten_gruenePlatine_1920x1440-300x225.jpg 300w, https:\/\/www.exactsolutions.de\/wp-content\/uploads\/2024\/07\/Robin_Loeten_gruenePlatine_1920x1440-1024x768.jpg 1024w, https:\/\/www.exactsolutions.de\/wp-content\/uploads\/2024\/07\/Robin_Loeten_gruenePlatine_1920x1440-768x576.jpg 768w, https:\/\/www.exactsolutions.de\/wp-content\/uploads\/2024\/07\/Robin_Loeten_gruenePlatine_1920x1440-1536x1152.jpg 1536w\" sizes=\"auto, (max-width: 1920px) 100vw, 1920px\" onerror=\"this.style.display='none'\"  \/>\n\t\t\t\t\t\t\t\t\t\t\t\t\t<\/a>\n\t<ul>\n\t\t\t<li>\n\t\t\t<h3>\n\t\t\t\t<a href=\"https:\/\/www.exactsolutions.de\/de\/produktion\/elektronik\/\" target=\"_self\"  data-hover=\"ELECTRONICS\" aria-label=\"ELEKTRONIK\">ELEKTRONIK<\/a>\n\t\t\t<\/h3>\n\t\t<\/li>\n\t\t\t\t<\/ul>\n\t\t\t\t\t\t\t\t<a href=\"https:\/\/www.exactsolutions.de\/de\/produktion\/handgefertigt\/\" target=\"_self\" itemprop=\"url\">\n\t\t\t\t\t\t\t\t\t<img loading=\"lazy\" decoding=\"async\" src=\"https:\/\/www.exactsolutions.de\/wp-content\/uploads\/2024\/08\/Standbohrer_3000x2250-scaled.jpg\" alt=\"\" itemprop=\"image\" height=\"1920\" width=\"2560\" srcset=\"https:\/\/www.exactsolutions.de\/wp-content\/uploads\/2024\/08\/Standbohrer_3000x2250-scaled.jpg 2560w, https:\/\/www.exactsolutions.de\/wp-content\/uploads\/2024\/08\/Standbohrer_3000x2250-300x225.jpg 300w, https:\/\/www.exactsolutions.de\/wp-content\/uploads\/2024\/08\/Standbohrer_3000x2250-1024x768.jpg 1024w, https:\/\/www.exactsolutions.de\/wp-content\/uploads\/2024\/08\/Standbohrer_3000x2250-768x576.jpg 768w, https:\/\/www.exactsolutions.de\/wp-content\/uploads\/2024\/08\/Standbohrer_3000x2250-1536x1152.jpg 1536w, https:\/\/www.exactsolutions.de\/wp-content\/uploads\/2024\/08\/Standbohrer_3000x2250-2048x1536.jpg 2048w, https:\/\/www.exactsolutions.de\/wp-content\/uploads\/2024\/08\/Standbohrer_3000x2250-16x12.jpg 16w\" sizes=\"auto, (max-width: 2560px) 100vw, 2560px\" onerror=\"this.style.display='none'\"  \/>\n\t\t\t\t\t\t\t\t\t\t\t\t\t<\/a>\n\t<ul>\n\t\t\t<li>\n\t\t\t<h3>\n\t\t\t\t<a href=\"https:\/\/www.exactsolutions.de\/de\/produktion\/handgefertigt\/\" target=\"_self\"  data-hover=\"HANDCRAFTED\" aria-label=\"HANDGEFERTIGT\">HANDGEFERTIGT<\/a>\n\t\t\t<\/h3>\n\t\t<\/li>\n\t\t\t\t<\/ul>\n\t\t\t\t\t\t\t\t<a href=\"https:\/\/www.exactsolutions.de\/de\/produktion\/metallverarbeitung\/\" target=\"_self\" itemprop=\"url\">\n\t\t\t\t\t\t\t\t\t<img loading=\"lazy\" decoding=\"async\" src=\"https:\/\/www.exactsolutions.de\/wp-content\/uploads\/2024\/07\/Pulverbeschichten__03_1920x1440.jpg\" alt=\"\" itemprop=\"image\" height=\"1440\" width=\"1920\" srcset=\"https:\/\/www.exactsolutions.de\/wp-content\/uploads\/2024\/07\/Pulverbeschichten__03_1920x1440.jpg 1920w, https:\/\/www.exactsolutions.de\/wp-content\/uploads\/2024\/07\/Pulverbeschichten__03_1920x1440-300x225.jpg 300w, https:\/\/www.exactsolutions.de\/wp-content\/uploads\/2024\/07\/Pulverbeschichten__03_1920x1440-1024x768.jpg 1024w, https:\/\/www.exactsolutions.de\/wp-content\/uploads\/2024\/07\/Pulverbeschichten__03_1920x1440-768x576.jpg 768w, https:\/\/www.exactsolutions.de\/wp-content\/uploads\/2024\/07\/Pulverbeschichten__03_1920x1440-1536x1152.jpg 1536w\" sizes=\"auto, (max-width: 1920px) 100vw, 1920px\" onerror=\"this.style.display='none'\"  \/>\n\t\t\t\t\t\t\t\t\t\t\t\t\t<\/a>\n\t<ul>\n\t\t\t<li>\n\t\t\t<h3>\n\t\t\t\t<a href=\"https:\/\/www.exactsolutions.de\/de\/produktion\/metallverarbeitung\/\" target=\"_self\"  data-hover=\"METAL PROCESSING\" aria-label=\"METALLVERARBEITUNG\">METALLVERARBEITUNG<\/a>\n\t\t\t<\/h3>\n\t\t<\/li>\n\t\t\t\t<\/ul>","protected":false},"excerpt":{"rendered":"<p>PRODUKTION PRODUKTION IN DEUTSCHLAND Wenn es um Qualit\u00e4t, Zuverl\u00e4ssigkeit und Genauigkeit geht, ist einer unserer wichtigsten Vorteile, dass unsere gesamte Produktion in Deutschland stattfindet. Erfahren Sie mehr \u00fcber unsere Prozesse, von der Metallpulverisierung \u00fcber die Baugruppenmontage bis zur Elektronikpr\u00fcfung. MONTAGE VON ELEKTRONIK HANDWERKLICHE METALLVERARBEITUNG<\/p>","protected":false},"author":2,"featured_media":0,"parent":0,"menu_order":0,"comment_status":"closed","ping_status":"closed","template":"","meta":{"_acf_changed":false,"_monsterinsights_skip_tracking":false,"_monsterinsights_sitenote_active":false,"_monsterinsights_sitenote_note":"","_monsterinsights_sitenote_category":0,"footnotes":""},"class_list":["post-8640","page","type-page","status-publish","hentry","wpbf-post"],"acf":[],"_links":{"self":[{"href":"https:\/\/www.exactsolutions.de\/de\/wp-json\/wp\/v2\/pages\/8640","targetHints":{"allow":["GET"]}}],"collection":[{"href":"https:\/\/www.exactsolutions.de\/de\/wp-json\/wp\/v2\/pages"}],"about":[{"href":"https:\/\/www.exactsolutions.de\/de\/wp-json\/wp\/v2\/types\/page"}],"author":[{"embeddable":true,"href":"https:\/\/www.exactsolutions.de\/de\/wp-json\/wp\/v2\/users\/2"}],"replies":[{"embeddable":true,"href":"https:\/\/www.exactsolutions.de\/de\/wp-json\/wp\/v2\/comments?post=8640"}],"version-history":[{"count":7,"href":"https:\/\/www.exactsolutions.de\/de\/wp-json\/wp\/v2\/pages\/8640\/revisions"}],"predecessor-version":[{"id":10840,"href":"https:\/\/www.exactsolutions.de\/de\/wp-json\/wp\/v2\/pages\/8640\/revisions\/10840"}],"wp:attachment":[{"href":"https:\/\/www.exactsolutions.de\/de\/wp-json\/wp\/v2\/media?parent=8640"}],"curies":[{"name":"wp","href":"https:\/\/api.w.org\/{rel}","templated":true}]}}