{"id":8611,"date":"2024-07-01T11:21:56","date_gmt":"2024-07-01T09:21:56","guid":{"rendered":"https:\/\/exso.lnet-server.de\/?page_id=8611"},"modified":"2025-05-08T10:47:21","modified_gmt":"2025-05-08T08:47:21","slug":"qualitatssicherung-2","status":"publish","type":"page","link":"https:\/\/www.exactsolutions.de\/de\/quality-assurance\/","title":{"rendered":"Qualit\u00e4ts-sicherung"},"content":{"rendered":"<h1>\n\t\tWELTWEITE QUALIT\u00c4TSSICHERUNG\n\t<\/h1>\n\t<p>Unsere Qualit\u00e4tspr\u00fcfung ist f\u00fcr einen sicheren Einsatz in Installationen unerl\u00e4sslich. Dies ist f\u00fcr uns von h\u00f6chster Bedeutung. Um weltweit vertrauensw\u00fcrdige und zuverl\u00e4ssige L\u00f6sungen anbieten zu k\u00f6nnen, stellen wir sicher, dass unsere Produkte alle Normen und Bedingungen erf\u00fcllen, die die verschiedenen M\u00e4rkte verlangen.<\/p>\n<p>&nbsp;<\/p>\n<h2>\n\t\tQUALIT\u00c4TSSICHERUNG F\u00dcR DEN DEUTSCHEN MARKT\n\t<\/h2>\n\t<p>Unsere Produkte sind umfangreich zertifiziert, um h\u00f6chste Sicherheits- und Qualit\u00e4tsstandards zu gew\u00e4hrleisten. Je nach Produkt erf\u00fcllen wir die Richtlinien der Deutschen Gesetzlichen Unfallversicherung (DGUV) und sind T\u00dcV-zertifiziert, was eine zuverl\u00e4ssige Leistung garantiert und den Zugang zum deutschen Markt erleichtert.<\/p>\n\t\t\t<a href=\"https:\/\/www.exactsolutions.de\/de\/kontakt\/\" target=\"_self\">\n\t\t\t\t\t\t\tKONTAKTIEREN SIE UNS F\u00dcR WEITERE INFORMATIONEN\n\t\t\t\t\t<\/a>\n<h2>\n\t\tJ\u00c4HRLICHE \/ WIEDERKEHRENDE INSPEKTION\n\t<\/h2>\n\t<p>Regelm\u00e4\u00dfige Inspektionen sind obligatorisch. Abh\u00e4ngig von den \u00f6rtlichen Gesetzen und Vorschriften m\u00fcssen Eigent\u00fcmer \/ Benutzer regelm\u00e4\u00dfige Inspektionen des Rahmens und aller Komponenten durchf\u00fchren. Im Falle der deutschen Vorschriften muss dies einmal pro Jahr von einer qualifizierten und autorisierten Person durchgef\u00fchrt und dokumentiert werden.<\/p>\n<p>Dar\u00fcber hinaus ist bei der DGUV V17\/V18 alle vier Jahre eine Sicherheitspr\u00fcfung vorgeschrieben. Diese muss von einem von der Deutschen Gesetzlichen Unfallversicherung (DGUV) zugelassenen Sachverst\u00e4ndigen durchgef\u00fchrt und dokumentiert werden.<\/p>\n\t\t\t<a href=\"https:\/\/www.exactsolutions.de\/de\/kontakt\/\" target=\"_self\">\n\t\t\t\t\t\t\tSENDEN SIE EINE ANFRAGE F\u00dcR DIE INSPEKTION\n\t\t\t\t\t<\/a>\n\t<ul>\n\t\t\t<li>\n\t\t\t\tj\u00e4hrliche Inspektion nach deutschem Recht vorgeschrieben\n\t\t\t<\/li>\n\t\t\t<li>\n\t\t\t\tm\u00fcssen von erfahrenen Fachleuten gepr\u00fcft werden\n\t\t\t<\/li>\n\t\t\t<li>\n\t\t\t\tdie Produkte m\u00fcssen nur an uns versandt werden\n\t\t\t<\/li>\n\t\t\t<li>\n\t\t\t\tPapiere und Aufkleber als Nachweis der Inspektion \n\t\t\t<\/li>\n\t\t\t<li>\n\t\t\t\tDGUV: Sicherheits\u00fcberpr\u00fcfung alle 4 Jahre durch einen Sachverst\u00e4ndigen\n\t\t\t<\/li>\n\t\t<\/ul>\n<h2>\n\t\tQUALIT\u00c4TSSICHERUNG F\u00dcR DEN EUROP\u00c4ISCHEN MARKT\n\t<\/h2>\n\t<p>Unsere Produkte sind umfassend zertifiziert, um die h\u00f6chsten Sicherheits- und Qualit\u00e4tsstandards zu gew\u00e4hrleisten. Je nach Produkt k\u00f6nnen wir die Einhaltung von EU-Vorschriften wie dem CE-Zeichen garantieren, das strenge europ\u00e4ische Sicherheits-, Gesundheits- und Umweltkriterien erf\u00fcllt. Diese Zertifizierung garantiert eine zuverl\u00e4ssige Leistung und erleichtert den Zugang zum europ\u00e4ischen Markt.<\/p>\n\t\t\t\t\t\t<h4>EMC - Pr\u00fcfung der elektromagnetischen Vertr\u00e4glichkeit<\/h4>\n\t\t\t<p>Die EMV-Pr\u00fcfung (Elektromagnetische Vertr\u00e4glichkeit) gew\u00e4hrleistet, dass elektronische Ger\u00e4te in ihrer elektromagnetischen Umgebung wie vorgesehen funktionieren, ohne St\u00f6rungen zu verursachen oder zu beeintr\u00e4chtigen. Wir setzen EMV-Pr\u00fcfungen in unserem Unternehmen ein, um zu gew\u00e4hrleisten, dass unsere Produkte die gesetzlichen Normen erf\u00fcllen und zuverl\u00e4ssig funktionieren, damit unsere Kunden hochwertige und zuverl\u00e4ssige L\u00f6sungen erhalten.<\/p>\n<h2>\n\t\tQUALIT\u00c4TSSICHERUNG F\u00dcR DEN NORDAMERIKANISCHEN MARKT\n\t<\/h2>\n\t<p>Je nach Produkt k\u00f6nnen wir die Einhaltung nordamerikanischer Vorschriften wie ANSI und UL garantieren, die strenge Sicherheits- und Qualit\u00e4tskriterien erf\u00fcllen. Diese Zertifizierungen garantieren eine zuverl\u00e4ssige Leistung und erleichtern den Zugang zu den nordamerikanischen M\u00e4rkten.<\/p>\n\t\t\t\t\t\t<h4>ANSI-Normen<\/h4>\n\t\t\t<p>Produkte, die den Normen des American National Standards Institute (ANSI) entsprechen, sind f\u00fcr den nordamerikanischen Markt konzipiert und gew\u00e4hrleisten ein H\u00f6chstma\u00df an Sicherheit und Zuverl\u00e4ssigkeit. Die ANSI-Konformit\u00e4t best\u00e4tigt, dass diese Produkte f\u00fcr industrielle und gewerbliche Anwendungen gut geeignet sind.<\/p>","protected":false},"excerpt":{"rendered":"<p>WORLDWIDE QUALITY ASSURANCE Our quality inspection is essential for a safe use in installations. This is of highest importance to us. To be able to offer globally trusted and reliable solutions, we make sure that our products meet all the standards and conditions, that the different markets require. &nbsp; QUALITY ASSURANCE FOR THE GERMAN MARKET [&hellip;]<\/p>\n","protected":false},"author":2,"featured_media":0,"parent":0,"menu_order":0,"comment_status":"closed","ping_status":"closed","template":"","meta":{"_acf_changed":false,"_monsterinsights_skip_tracking":false,"_monsterinsights_sitenote_active":false,"_monsterinsights_sitenote_note":"","_monsterinsights_sitenote_category":0,"footnotes":""},"class_list":["post-8611","page","type-page","status-publish","hentry","wpbf-post"],"acf":[],"_links":{"self":[{"href":"https:\/\/www.exactsolutions.de\/de\/wp-json\/wp\/v2\/pages\/8611","targetHints":{"allow":["GET"]}}],"collection":[{"href":"https:\/\/www.exactsolutions.de\/de\/wp-json\/wp\/v2\/pages"}],"about":[{"href":"https:\/\/www.exactsolutions.de\/de\/wp-json\/wp\/v2\/types\/page"}],"author":[{"embeddable":true,"href":"https:\/\/www.exactsolutions.de\/de\/wp-json\/wp\/v2\/users\/2"}],"replies":[{"embeddable":true,"href":"https:\/\/www.exactsolutions.de\/de\/wp-json\/wp\/v2\/comments?post=8611"}],"version-history":[{"count":7,"href":"https:\/\/www.exactsolutions.de\/de\/wp-json\/wp\/v2\/pages\/8611\/revisions"}],"predecessor-version":[{"id":10802,"href":"https:\/\/www.exactsolutions.de\/de\/wp-json\/wp\/v2\/pages\/8611\/revisions\/10802"}],"wp:attachment":[{"href":"https:\/\/www.exactsolutions.de\/de\/wp-json\/wp\/v2\/media?parent=8611"}],"curies":[{"name":"wp","href":"https:\/\/api.w.org\/{rel}","templated":true}]}}