{"id":7905,"date":"2024-04-12T08:52:46","date_gmt":"2024-04-12T06:52:46","guid":{"rendered":"https:\/\/exso.lnet-server.de\/?page_id=7905"},"modified":"2025-05-08T10:41:19","modified_gmt":"2025-05-08T08:41:19","slug":"dienstleistungen","status":"publish","type":"page","link":"https:\/\/www.exactsolutions.de\/de\/services\/","title":{"rendered":"Leistungen"},"content":{"rendered":"<h1>\n\t\tLEISTUNGEN\n\t<\/h1>\n<h2>\n\t\tLEISTUNGEN, DIE WIR ANBIETEN\n\t<\/h2>\n\t<p>Wir bieten ein komplettes Spektrum an Leistungen, einschlie\u00dflich Beratung, Technik, Produktion, Verpackung und Versand, und gew\u00e4hrleisten so eine umfassende Unterst\u00fctzung bei jedem Schritt. So wird der Erfolg Ihres Projekts von Anfang bis Ende sichergestellt.<\/p>\n<p>&nbsp;<\/p>\n<h2>\n\t\tBERATUNG\n\t<\/h2>\n\t<p>Unser Beratungsprozess beginnt mit dem Verst\u00e4ndnis Ihrer Projektziele. Mit unserer Branchenkenntnis k\u00f6nnen wir L\u00f6sungen auf Ihre Bed\u00fcrfnisse zuschneiden oder das richtige Produkt empfehlen und Sie vom Konzept bis zum Erfolg auf dem Medientechnologiemarkt begleiten.<\/p>\n\t\t\t<a href=\"https:\/\/www.exactsolutions.de\/de\/kontakt\/\" target=\"_self\">\n\t\t\t\t\t\t\tJETZT LOSLEGEN\n\t\t\t\t\t<\/a>\n<h2>\n\t\tENGINEERING\n\t<\/h2>\n\t<p>Unsere Ingenieure verf\u00fcgen \u00fcber langj\u00e4hrige Erfahrung und sind bestrebt, das bestm\u00f6gliche Design f\u00fcr Ihr Projekt zu liefern. Wir sind stolz darauf, innovative und effiziente L\u00f6sungen anzubieten, die den Erfolg und die langfristige Nachhaltigkeit Ihres Projekts gew\u00e4hrleisten.<\/p>\n\t\t\t<a href=\"https:\/\/www.exactsolutions.de\/de\/sonderloesungen-5\/\" target=\"_self\">\n\t\t\t\t\t\t\tMEHR \u00dcBER UNSERE MASSGESCHNEIDERTE L\u00d6SUNG\n\t\t\t\t\t<\/a>\n<h2>\n\t\tPRODUKTION\n\t<\/h2>\n\t<p>Wenn es um Qualit\u00e4t, Zuverl\u00e4ssigkeit und Genauigkeit geht, ist einer unserer wichtigsten Vorteile, dass unsere gesamte Produktion in Deutschland stattfindet. Erfahren Sie mehr \u00fcber unsere Prozesse, von der Oberfl\u00e4chenbeschichtung \u00fcber die Komponentenmontage bis hin zur elektronischen Pr\u00fcfung.<\/p>\n\t\t\t<a href=\"https:\/\/www.exactsolutions.de\/de\/produktion\/\" target=\"_self\">\n\t\t\t\t\t\t\tERFAHREN SIE MEHR \u00dcBER UNSERE PRODUKTION\n\t\t\t\t\t<\/a>\n<h2>\n\t\tVERPACKUNG UND VERSAND\n\t<\/h2>\n\t<p>Als Hersteller sind wir Experten darin, die bestm\u00f6gliche Qualit\u00e4t zu produzieren. Um diese Qualit\u00e4t zu unseren Kunden zu bringen, achten wir sehr auf die Verpackung und den Versand.<\/p>\n\t\t\t\t\t\t<h4>SICHERE VERPACKUNG<\/h4>\n\t\t\t<p>Damit unsere Produkte in einwandfreiem Zustand bei Ihnen ankommen, geben wir uns nicht nur bei der Produktion, sondern auch bei der Verpackung gro\u00dfe M\u00fche. Auf diese Weise stellen wir sicher, dass unsere L\u00f6sungen gut gesch\u00fctzt versandt werden.<\/p>\n\t\t\t\t\t\t<h4>MASSGESCHNEIDERTE CASES<\/h4>\n\t\t\t<p>Unsere Produkte sind bekannt f\u00fcr ihre herausragende Qualit\u00e4t, auch dann, wenn sie auf dem Mietmarkt eingesetzt werden. Deshalb bieten wir auch ma\u00dfgeschneiderte Cases an, die ihren wertvollen Inhalt sch\u00fctzen.<\/p>\n\t\t\t\t\t\t<h4>VERSAND RUND UM DEN GLOBUS<\/h4>\n\t\t\t<p>Wir liefern Weltweit. Wir k\u00f6nnen Ihre Waren entweder mit erfahrenen Transportdienstleistern versenden oder zur Abholung bereithalten. F\u00fcr Nicht-EU-L\u00e4nder stellen wir selbstverst\u00e4ndlich die notwendigen Ausfuhrbegleitdokumente zur Verf\u00fcgung.<\/p>\n<h2>\n\t\tUNTERST\u00dcTZUNG\n\t<\/h2>\n\t<p>Auch wenn wir auf die Qualit\u00e4t und Langlebigkeit unserer Produkte vertrauen, sind wir darum bem\u00fcht, Ihnen den bestm\u00f6glichen Support zu bieten, um Ihre Zufriedenheit zu gew\u00e4hrleisten und alle auftretenden Probleme zu l\u00f6sen. Unser engagiertes Team ist immer bereit, Ihnen bei allen Fragen und Anliegen zu helfen.<\/p>\n\t\t\t<a href=\"https:\/\/www.exactsolutions.de\/de\/kontakt\/\" target=\"_self\">\n\t\t\t\t\t\t\tKONTAKT AUFNEHMEN\n\t\t\t\t\t<\/a>","protected":false},"excerpt":{"rendered":"<p>SERVICES SERVICES WE ARE OFFERING We offer a full spectrum of services including consulting, engineering, production, packaging, and shipping, guaranteeing comprehensive support every step of the way. This ensures your project&#8217;s success from start to finish. &nbsp; CONSULTING Our consulting process starts with understanding your project goals. With our industry expertise, we tailor solutions to [&hellip;]<\/p>\n","protected":false},"author":2,"featured_media":0,"parent":0,"menu_order":0,"comment_status":"closed","ping_status":"closed","template":"","meta":{"_acf_changed":false,"_monsterinsights_skip_tracking":false,"_monsterinsights_sitenote_active":false,"_monsterinsights_sitenote_note":"","_monsterinsights_sitenote_category":0,"footnotes":""},"class_list":["post-7905","page","type-page","status-publish","hentry","wpbf-post"],"acf":[],"_links":{"self":[{"href":"https:\/\/www.exactsolutions.de\/de\/wp-json\/wp\/v2\/pages\/7905","targetHints":{"allow":["GET"]}}],"collection":[{"href":"https:\/\/www.exactsolutions.de\/de\/wp-json\/wp\/v2\/pages"}],"about":[{"href":"https:\/\/www.exactsolutions.de\/de\/wp-json\/wp\/v2\/types\/page"}],"author":[{"embeddable":true,"href":"https:\/\/www.exactsolutions.de\/de\/wp-json\/wp\/v2\/users\/2"}],"replies":[{"embeddable":true,"href":"https:\/\/www.exactsolutions.de\/de\/wp-json\/wp\/v2\/comments?post=7905"}],"version-history":[{"count":6,"href":"https:\/\/www.exactsolutions.de\/de\/wp-json\/wp\/v2\/pages\/7905\/revisions"}],"predecessor-version":[{"id":10801,"href":"https:\/\/www.exactsolutions.de\/de\/wp-json\/wp\/v2\/pages\/7905\/revisions\/10801"}],"wp:attachment":[{"href":"https:\/\/www.exactsolutions.de\/de\/wp-json\/wp\/v2\/media?parent=7905"}],"curies":[{"name":"wp","href":"https:\/\/api.w.org\/{rel}","templated":true}]}}